{"id":142,"date":"2021-09-30T10:22:41","date_gmt":"2021-09-30T08:22:41","guid":{"rendered":"https:\/\/www.summerandtodd.com\/it\/?page_id=142"},"modified":"2024-12-23T12:00:28","modified_gmt":"2024-12-23T11:00:28","slug":"summer-and-todd","status":"publish","type":"page","link":"https:\/\/www.summerandtodd.com\/it\/","title":{"rendered":"Summer &#038; Todd"},"content":{"rendered":"\n<h2 class=\"wp-block-heading\"><strong>SUMMER &amp; TODD: L\u2019ALLEGRA FATTORIA<\/strong><\/h2>\n\n\n\n<p><strong>La nuova serie animata che avvicina i pi\u00f9 piccoli alla natura e alla sostenibilit\u00e0 ambientale con storie spensierate e aspirazionali.<\/strong><strong><\/strong><\/p>\n\n\n\n<p>Summer &amp; Todd L\u2019Allegra Fattoria \u00e8 la nuova serie animata con target prescolare firmata Rainbow, 52 x 7\u2019 episodi in CGI.<\/p>\n\n\n\n<p>La serie introduce i bambini alle attivit\u00e0 quotidiane di una fattoria operosa e piena di amici animali dallo stile e dal carattere unico.<\/p>\n\n\n\n<p>Insieme vivranno storie ricche di avventura imparando a conoscere la natura che li circonda.<\/p>\n\n\n\n<p>Viviamo in un mondo in cui i pi\u00f9 piccoli sono sempre pi\u00f9 distanti dalla natura e circondati dalla tecnologia.<\/p>\n\n\n\n<p>Summer &amp; Todd accompagnano l\u2019apprendimento e l\u2019assimilazione dei processi di gestione delle risorse naturali, raccontando con leggerezza e allegria l\u2019intensa vita di una fattoria e dei suoi abitanti.<\/p>\n\n\n\n<blockquote class=\"wp-block-quote is-layout-flow wp-block-quote-is-layout-flow\"><p><strong><em>Alla Fattoria Raggio di Sole, per ogni problema esiste una soluzione!<\/em><\/strong><\/p><\/blockquote>\n\n\n\n<p>Non c\u2019\u00e8 tempo di restarsene con le mani in mano! <\/p>\n\n\n\n<p>Ogni giorno c\u2019\u00e8 qualcosa di nuovo da scoprire\u2026 o da risolvere! <\/p>\n\n\n\n<p>Ce lo insegnano Summer e Todd, i protagonisti delle esilaranti avventure della Fattoria Raggio di Sole sempre pronti a cimentarsi in nuove entusiasmanti attivit\u00e0 coinvolgendo i tanti amici animali che abitano la fattoria. <\/p>\n\n\n\n<p>La coniglietta Summer viene della grande citt\u00e0 e porta con s\u00e9 entusiasmo a palate, \u00e8 curiosa e ama prendersi cura degli altri. <\/p>\n\n\n\n<p>Il procione Todd \u00e8 il proprietario della fattoria, un costruttore provetto le cui invenzioni sorprendono ogni giorno per la loro originalit\u00e0 ed efficacia! <\/p>\n\n\n\n<p>Insieme alla pecorella Betty, all\u2019orsetto Pico e a tanti altri amici animali, Summer e Todd portano avanti le industriose attivit\u00e0 Agricole, dalla produzione fino alla vendita al mercato. <\/p>\n\n\n\n<p>Sono una squadra imbattibile e ogni giorno affrontano con spirito di gruppo e ottimismo tutti gli imprevisti e i problemi che in una fattoria non mancano mai, concludendo sempre la giornata in allegria e con un ballo speciale!<\/p>\n","protected":false},"excerpt":{"rendered":"<p>SUMMER &amp; TODD: L\u2019ALLEGRA FATTORIA La nuova serie animata che avvicina i pi\u00f9 piccoli alla natura e alla sostenibilit\u00e0 ambientale con storie spensierate e aspirazionali. Summer &amp; Todd L\u2019Allegra Fattoria \u00e8 la nuova serie animata con target prescolare firmata Rainbow, 52 x 7\u2019 episodi in CGI. La serie introduce i bambini alle attivit\u00e0 quotidiane di [&#8230;]<\/p>\n<p><a class=\"btn btn-secondary understrap-read-more-link\" href=\"https:\/\/www.summerandtodd.com\/it\/\">Leggi di pi\u00f9&#8230;<span class=\"screen-reader-text\"> from Summer &#038; Todd<\/span><\/a><\/p>\n","protected":false},"author":1,"featured_media":0,"parent":0,"menu_order":0,"comment_status":"closed","ping_status":"closed","template":"page-templates\/pag_lista_home.php","meta":{"_acf_changed":false,"footnotes":""},"categories":[],"tags":[6],"class_list":["post-142","page","type-page","status-publish","hentry","tag-list-home"],"acf":{"list-home":[{"ID":833,"post_author":"1","post_date":"2024-11-18 18:32:10","post_date_gmt":"2024-11-18 17:32:10","post_content":"<!-- wp:paragraph -->\n<p>Scarica e stampa il 2025 dell\u2019Allegra Fattoria<\/p>\n<!-- \/wp:paragraph -->","post_title":"Calendario 2025 di Summer & Todd","post_excerpt":"","post_status":"publish","comment_status":"closed","ping_status":"closed","post_password":"","post_name":"calendario-2025-di-summer-todd","to_ping":"","pinged":"","post_modified":"2024-11-18 18:32:11","post_modified_gmt":"2024-11-18 17:32:11","post_content_filtered":"","post_parent":0,"guid":"https:\/\/www.summerandtodd.com\/it\/?post_type=activity&#038;p=833","menu_order":0,"post_type":"activity","post_mime_type":"","comment_count":"0","filter":"raw"},{"ID":455,"post_author":"2","post_date":"2021-12-02 16:44:23","post_date_gmt":"2021-12-02 15:44:23","post_content":"<!-- wp:paragraph -->\n<p>Gira le tessere e trova tutte le coppie nascoste prima che scada il tempo!<\/p>\n<!-- \/wp:paragraph -->","post_title":"Memory Game dell'Allegra Fattoria","post_excerpt":"","post_status":"publish","comment_status":"closed","ping_status":"closed","post_password":"","post_name":"memory-game","to_ping":"","pinged":"","post_modified":"2021-12-02 17:21:53","post_modified_gmt":"2021-12-02 16:21:53","post_content_filtered":"","post_parent":0,"guid":"https:\/\/www.summerandtodd.com\/it\/?post_type=game&#038;p=455","menu_order":0,"post_type":"game","post_mime_type":"","comment_count":"0","filter":"raw"},{"ID":187,"post_author":"1","post_date":"2021-09-30 11:21:20","post_date_gmt":"2021-09-30 09:21:20","post_content":"<!-- wp:paragraph -->\n<p>Stampale e attaccale per una festa a tema fattoria<\/p>\n<!-- \/wp:paragraph -->","post_title":"Bandierine Party di Summer & Todd","post_excerpt":"","post_status":"publish","comment_status":"closed","ping_status":"closed","post_password":"","post_name":"bandierine-party-di-summer-todd","to_ping":"","pinged":"","post_modified":"2022-09-15 16:20:16","post_modified_gmt":"2022-09-15 14:20:16","post_content_filtered":"","post_parent":0,"guid":"https:\/\/www.summerandtodd.com\/it\/?post_type=activity&#038;p=187","menu_order":1,"post_type":"activity","post_mime_type":"","comment_count":"0","filter":"raw"},{"ID":306,"post_author":"2","post_date":"2021-10-13 16:31:47","post_date_gmt":"2021-10-13 14:31:47","post_content":"<!-- wp:paragraph -->\n<p>Guarda il video e scopri tanti altri contenuti sulla fattoria sul canale YouTube<\/p>\n<!-- \/wp:paragraph -->","post_title":"La canzone dell'Allegra Fattoria","post_excerpt":"","post_status":"publish","comment_status":"closed","ping_status":"closed","post_password":"","post_name":"la-canzone-dellallegra-fattoria","to_ping":"","pinged":"","post_modified":"2021-10-13 16:31:48","post_modified_gmt":"2021-10-13 14:31:48","post_content_filtered":"","post_parent":0,"guid":"https:\/\/www.summerandtodd.com\/it\/?post_type=video&#038;p=306","menu_order":0,"post_type":"video","post_mime_type":"","comment_count":"0","filter":"raw"},{"ID":222,"post_author":"2","post_date":"2021-09-30 12:23:06","post_date_gmt":"2021-09-30 10:23:06","post_content":"<!-- wp:paragraph -->\n<p>Stampalo e coloralo<\/p>\n<!-- \/wp:paragraph -->","post_title":"Il trattore di Todd","post_excerpt":"","post_status":"publish","comment_status":"closed","ping_status":"closed","post_password":"","post_name":"il-trattore-di-todd","to_ping":"","pinged":"","post_modified":"2021-09-30 12:23:07","post_modified_gmt":"2021-09-30 10:23:07","post_content_filtered":"","post_parent":0,"guid":"https:\/\/www.summerandtodd.com\/it\/?post_type=activity&#038;p=222","menu_order":15,"post_type":"activity","post_mime_type":"","comment_count":"0","filter":"raw"},{"ID":267,"post_author":"2","post_date":"2021-09-30 15:04:07","post_date_gmt":"2021-09-30 13:04:07","post_content":"<!-- wp:paragraph -->\n<p>Scopriamo tutto su Pico!<\/p>\n<!-- \/wp:paragraph -->","post_title":"Ecco Pico!","post_excerpt":"","post_status":"publish","comment_status":"closed","ping_status":"closed","post_password":"","post_name":"ecco-pico","to_ping":"","pinged":"","post_modified":"2021-09-30 15:05:59","post_modified_gmt":"2021-09-30 13:05:59","post_content_filtered":"","post_parent":0,"guid":"https:\/\/www.summerandtodd.com\/it\/?post_type=video&#038;p=267","menu_order":0,"post_type":"video","post_mime_type":"","comment_count":"0","filter":"raw"},{"ID":192,"post_author":"2","post_date":"2021-09-30 12:10:39","post_date_gmt":"2021-09-30 10:10:39","post_content":"<!-- wp:paragraph -->\n<p>Aiuta Summer a raggiungere il cesto delle uova<\/p>\n<!-- \/wp:paragraph -->","post_title":"Labirinto di Summer","post_excerpt":"","post_status":"publish","comment_status":"closed","ping_status":"closed","post_password":"","post_name":"labirinto-di-summer","to_ping":"","pinged":"","post_modified":"2021-09-30 12:10:40","post_modified_gmt":"2021-09-30 10:10:40","post_content_filtered":"","post_parent":0,"guid":"https:\/\/www.summerandtodd.com\/it\/?post_type=activity&#038;p=192","menu_order":23,"post_type":"activity","post_mime_type":"","comment_count":"0","filter":"raw"},{"ID":688,"post_author":"1","post_date":"2022-09-15 11:08:52","post_date_gmt":"2022-09-15 09:08:52","post_content":"<!-- wp:paragraph -->\n<p>Lancia il cubo e scopri quale merenda sana e golosa ti aspetta<\/p>\n<!-- \/wp:paragraph -->","post_title":"Il cubo della merenda","post_excerpt":"Lancia il cubo e scopri quale merenda sana e golosa ti aspetta","post_status":"publish","comment_status":"closed","ping_status":"closed","post_password":"","post_name":"il-cubo-della-merenda","to_ping":"","pinged":"","post_modified":"2022-09-15 11:14:58","post_modified_gmt":"2022-09-15 09:14:58","post_content_filtered":"","post_parent":0,"guid":"https:\/\/www.summerandtodd.com\/it\/?post_type=activity&#038;p=688","menu_order":5,"post_type":"activity","post_mime_type":"","comment_count":"0","filter":"raw"},{"ID":263,"post_author":"2","post_date":"2021-09-30 15:02:43","post_date_gmt":"2021-09-30 13:02:43","post_content":"<!-- wp:paragraph -->\n<p>Scopriamo tutto su Summer!<\/p>\n<!-- \/wp:paragraph -->","post_title":"Ecco Summer!","post_excerpt":"","post_status":"publish","comment_status":"closed","ping_status":"closed","post_password":"","post_name":"ecco-summer","to_ping":"","pinged":"","post_modified":"2021-09-30 15:06:15","post_modified_gmt":"2021-09-30 13:06:15","post_content_filtered":"","post_parent":0,"guid":"https:\/\/www.summerandtodd.com\/it\/?post_type=video&#038;p=263","menu_order":0,"post_type":"video","post_mime_type":"","comment_count":"0","filter":"raw"}]},"yoast_head":"<!-- This site is optimized with the Yoast SEO plugin v27.3 - https:\/\/yoast.com\/product\/yoast-seo-wordpress\/ -->\n<title>Summer &amp; Todd<\/title>\n<meta name=\"description\" content=\"La nuova serie animata Rainbow che introduce i bambini alle esilaranti avventure della Fattoria Raggio di Sole.\" \/>\n<meta name=\"robots\" content=\"index, follow, max-snippet:-1, max-image-preview:large, max-video-preview:-1\" \/>\n<link rel=\"canonical\" href=\"https:\/\/www.summerandtodd.com\/it\/\" \/>\n<meta property=\"og:locale\" content=\"it_IT\" \/>\n<meta property=\"og:type\" content=\"article\" \/>\n<meta property=\"og:title\" content=\"Summer &amp; Todd\" \/>\n<meta property=\"og:description\" content=\"La nuova serie animata Rainbow che introduce i bambini alle esilaranti avventure della Fattoria Raggio di Sole.\" \/>\n<meta property=\"og:url\" content=\"https:\/\/www.summerandtodd.com\/it\/\" \/>\n<meta property=\"og:site_name\" content=\"Summer &amp; Todd\" \/>\n<meta property=\"article:modified_time\" content=\"2024-12-23T11:00:28+00:00\" \/>\n<meta name=\"twitter:card\" content=\"summary_large_image\" \/>\n<meta name=\"twitter:label1\" content=\"Tempo di lettura stimato\" \/>\n\t<meta name=\"twitter:data1\" content=\"2 minuti\" \/>\n<script type=\"application\/ld+json\" class=\"yoast-schema-graph\">{\"@context\":\"https:\\\/\\\/schema.org\",\"@graph\":[{\"@type\":\"WebPage\",\"@id\":\"https:\\\/\\\/www.summerandtodd.com\\\/it\\\/\",\"url\":\"https:\\\/\\\/www.summerandtodd.com\\\/it\\\/\",\"name\":\"Summer &amp; Todd\",\"isPartOf\":{\"@id\":\"https:\\\/\\\/www.summerandtodd.com\\\/it\\\/#website\"},\"datePublished\":\"2021-09-30T08:22:41+00:00\",\"dateModified\":\"2024-12-23T11:00:28+00:00\",\"description\":\"La nuova serie animata Rainbow che introduce i bambini alle esilaranti avventure della Fattoria Raggio di Sole.\",\"breadcrumb\":{\"@id\":\"https:\\\/\\\/www.summerandtodd.com\\\/it\\\/#breadcrumb\"},\"inLanguage\":\"it-IT\",\"potentialAction\":[{\"@type\":\"ReadAction\",\"target\":[\"https:\\\/\\\/www.summerandtodd.com\\\/it\\\/\"]}]},{\"@type\":\"BreadcrumbList\",\"@id\":\"https:\\\/\\\/www.summerandtodd.com\\\/it\\\/#breadcrumb\",\"itemListElement\":[{\"@type\":\"ListItem\",\"position\":1,\"name\":\"Home\",\"item\":\"https:\\\/\\\/www.summerandtodd.com\\\/it\\\/\"},{\"@type\":\"ListItem\",\"position\":2,\"name\":\"Summer &#038; Todd\"}]},{\"@type\":\"WebSite\",\"@id\":\"https:\\\/\\\/www.summerandtodd.com\\\/it\\\/#website\",\"url\":\"https:\\\/\\\/www.summerandtodd.com\\\/it\\\/\",\"name\":\"Summer &amp; Todd\",\"description\":\"Alla Fattoria Raggio di Sole, per ogni problema esiste una soluzione!\",\"publisher\":{\"@id\":\"https:\\\/\\\/www.summerandtodd.com\\\/it\\\/#organization\"},\"potentialAction\":[{\"@type\":\"SearchAction\",\"target\":{\"@type\":\"EntryPoint\",\"urlTemplate\":\"https:\\\/\\\/www.summerandtodd.com\\\/it\\\/?s={search_term_string}\"},\"query-input\":{\"@type\":\"PropertyValueSpecification\",\"valueRequired\":true,\"valueName\":\"search_term_string\"}}],\"inLanguage\":\"it-IT\"},{\"@type\":\"Organization\",\"@id\":\"https:\\\/\\\/www.summerandtodd.com\\\/it\\\/#organization\",\"name\":\"Summer &amp; Todd\",\"url\":\"https:\\\/\\\/www.summerandtodd.com\\\/it\\\/\",\"logo\":{\"@type\":\"ImageObject\",\"inLanguage\":\"it-IT\",\"@id\":\"https:\\\/\\\/www.summerandtodd.com\\\/it\\\/#\\\/schema\\\/logo\\\/image\\\/\",\"url\":\"https:\\\/\\\/www.summerandtodd.com\\\/it\\\/wp-content\\\/uploads\\\/sites\\\/3\\\/2021\\\/11\\\/logo_500x300.png\",\"contentUrl\":\"https:\\\/\\\/www.summerandtodd.com\\\/it\\\/wp-content\\\/uploads\\\/sites\\\/3\\\/2021\\\/11\\\/logo_500x300.png\",\"width\":500,\"height\":300,\"caption\":\"Summer &amp; Todd\"},\"image\":{\"@id\":\"https:\\\/\\\/www.summerandtodd.com\\\/it\\\/#\\\/schema\\\/logo\\\/image\\\/\"}}]}<\/script>\n<!-- \/ Yoast SEO plugin. -->","yoast_head_json":{"title":"Summer &amp; Todd","description":"La nuova serie animata Rainbow che introduce i bambini alle esilaranti avventure della Fattoria Raggio di Sole.","robots":{"index":"index","follow":"follow","max-snippet":"max-snippet:-1","max-image-preview":"max-image-preview:large","max-video-preview":"max-video-preview:-1"},"canonical":"https:\/\/www.summerandtodd.com\/it\/","og_locale":"it_IT","og_type":"article","og_title":"Summer &amp; Todd","og_description":"La nuova serie animata Rainbow che introduce i bambini alle esilaranti avventure della Fattoria Raggio di Sole.","og_url":"https:\/\/www.summerandtodd.com\/it\/","og_site_name":"Summer &amp; Todd","article_modified_time":"2024-12-23T11:00:28+00:00","twitter_card":"summary_large_image","twitter_misc":{"Tempo di lettura stimato":"2 minuti"},"schema":{"@context":"https:\/\/schema.org","@graph":[{"@type":"WebPage","@id":"https:\/\/www.summerandtodd.com\/it\/","url":"https:\/\/www.summerandtodd.com\/it\/","name":"Summer &amp; Todd","isPartOf":{"@id":"https:\/\/www.summerandtodd.com\/it\/#website"},"datePublished":"2021-09-30T08:22:41+00:00","dateModified":"2024-12-23T11:00:28+00:00","description":"La nuova serie animata Rainbow che introduce i bambini alle esilaranti avventure della Fattoria Raggio di Sole.","breadcrumb":{"@id":"https:\/\/www.summerandtodd.com\/it\/#breadcrumb"},"inLanguage":"it-IT","potentialAction":[{"@type":"ReadAction","target":["https:\/\/www.summerandtodd.com\/it\/"]}]},{"@type":"BreadcrumbList","@id":"https:\/\/www.summerandtodd.com\/it\/#breadcrumb","itemListElement":[{"@type":"ListItem","position":1,"name":"Home","item":"https:\/\/www.summerandtodd.com\/it\/"},{"@type":"ListItem","position":2,"name":"Summer &#038; Todd"}]},{"@type":"WebSite","@id":"https:\/\/www.summerandtodd.com\/it\/#website","url":"https:\/\/www.summerandtodd.com\/it\/","name":"Summer &amp; Todd","description":"Alla Fattoria Raggio di Sole, per ogni problema esiste una soluzione!","publisher":{"@id":"https:\/\/www.summerandtodd.com\/it\/#organization"},"potentialAction":[{"@type":"SearchAction","target":{"@type":"EntryPoint","urlTemplate":"https:\/\/www.summerandtodd.com\/it\/?s={search_term_string}"},"query-input":{"@type":"PropertyValueSpecification","valueRequired":true,"valueName":"search_term_string"}}],"inLanguage":"it-IT"},{"@type":"Organization","@id":"https:\/\/www.summerandtodd.com\/it\/#organization","name":"Summer &amp; Todd","url":"https:\/\/www.summerandtodd.com\/it\/","logo":{"@type":"ImageObject","inLanguage":"it-IT","@id":"https:\/\/www.summerandtodd.com\/it\/#\/schema\/logo\/image\/","url":"https:\/\/www.summerandtodd.com\/it\/wp-content\/uploads\/sites\/3\/2021\/11\/logo_500x300.png","contentUrl":"https:\/\/www.summerandtodd.com\/it\/wp-content\/uploads\/sites\/3\/2021\/11\/logo_500x300.png","width":500,"height":300,"caption":"Summer &amp; Todd"},"image":{"@id":"https:\/\/www.summerandtodd.com\/it\/#\/schema\/logo\/image\/"}}]}},"_links":{"self":[{"href":"https:\/\/www.summerandtodd.com\/it\/wp-json\/wp\/v2\/pages\/142","targetHints":{"allow":["GET"]}}],"collection":[{"href":"https:\/\/www.summerandtodd.com\/it\/wp-json\/wp\/v2\/pages"}],"about":[{"href":"https:\/\/www.summerandtodd.com\/it\/wp-json\/wp\/v2\/types\/page"}],"author":[{"embeddable":true,"href":"https:\/\/www.summerandtodd.com\/it\/wp-json\/wp\/v2\/users\/1"}],"replies":[{"embeddable":true,"href":"https:\/\/www.summerandtodd.com\/it\/wp-json\/wp\/v2\/comments?post=142"}],"version-history":[{"count":38,"href":"https:\/\/www.summerandtodd.com\/it\/wp-json\/wp\/v2\/pages\/142\/revisions"}],"predecessor-version":[{"id":839,"href":"https:\/\/www.summerandtodd.com\/it\/wp-json\/wp\/v2\/pages\/142\/revisions\/839"}],"wp:attachment":[{"href":"https:\/\/www.summerandtodd.com\/it\/wp-json\/wp\/v2\/media?parent=142"}],"wp:term":[{"taxonomy":"category","embeddable":true,"href":"https:\/\/www.summerandtodd.com\/it\/wp-json\/wp\/v2\/categories?post=142"},{"taxonomy":"post_tag","embeddable":true,"href":"https:\/\/www.summerandtodd.com\/it\/wp-json\/wp\/v2\/tags?post=142"}],"curies":[{"name":"wp","href":"https:\/\/api.w.org\/{rel}","templated":true}]}}