{"id":157,"date":"2021-09-30T10:58:22","date_gmt":"2021-09-30T08:58:22","guid":{"rendered":"https:\/\/www.summerandtodd.com\/it\/?page_id=157"},"modified":"2021-09-30T10:58:23","modified_gmt":"2021-09-30T08:58:23","slug":"allegra-fattoria","status":"publish","type":"page","link":"https:\/\/www.summerandtodd.com\/it\/allegra-fattoria\/","title":{"rendered":"L&#8217;Allegra Fattoria"},"content":{"rendered":"\n<h2 class=\"wp-block-heading\">I Veicoli<\/h2>\n\n\n\n<p><strong>IL PICKUP DI TODD<\/strong><\/p>\n\n\n\n<p>Il pickup di Todd \u00e8 sempre la soluzione ideale per muoversi nella fattoria o per trasportare carichi pesanti.<\/p>\n\n\n\n<p><strong>L\u2019AUTO DI SUMMER<\/strong><\/p>\n\n\n\n<p>Lo stile cittadino di Summer si distingue anche alla fattoria\u2026 dove la vediamo spostarsi a bordo della sua piccola auto rosa.<\/p>\n\n\n\n<p><strong>IL TRATTORE<\/strong><\/p>\n\n\n\n<p>Il trattore \u00e8 il mezzo ideale per le attivit\u00e0 nei campi. A seconda delle necessit\u00e0, Todd attacca un diverso accessorio al trattore e svolge una diversa attivit\u00e0.<\/p>\n\n\n\n<p><\/p>\n\n\n\n<hr class=\"wp-block-separator\"\/>\n\n\n\n<h2 class=\"wp-block-heading\">I Luoghi<\/h2>\n\n\n\n<p>Le location della fattoria riproducono fedelmente l\u2019ambiente colorato e bucolico della campagna.<\/p>\n\n\n\n<p><strong>IL MERCATO<\/strong><\/p>\n\n\n\n<p>Il mercato \u00e8 una piazzetta incorniciata dagli Stand presso i quali si effettua la vendita dei prodotti coltivati e curati con amore dai protagonisti. Lo stand di verdura, frutta, farina, olio, semi, dolci e conserve \u00e8 gestito da Betty; lo stand del latte e del formaggio \u00e8 gestito da Molly, lo stand delle uova \u00e8 gestito da Doris. L&#8217;appuntamento al mercato della fattoria \u00e8 sempre molto atteso perch\u00e9 anche gli animali della citt\u00e0 e delle fattorie vicine visitano il mercato per fare la spesa.<\/p>\n\n\n\n<p><strong>LA CASA DI SUMMER E TODD<\/strong><\/p>\n\n\n\n<p>La casa principale della fattoria, dove troviamo la cucina che Summer e Todd adorano utilizzare per preparare tante delizie.<\/p>\n\n\n\n<p><strong>IL FIENILE<\/strong><\/p>\n\n\n\n<p>L\u2019edificio simbolo della fattoria, dove vengono stoccati il fieno e la paglia dopo la raccolta e dove si trova il laboratorio delle invenzioni di Todd!<\/p>\n\n\n\n<p><strong>L\u2019ORTO<\/strong><\/p>\n\n\n\n<p>Un rigoglioso campo con differenti aree per la coltivazione di svariate verdure. Qui si trova anche la casa di Pico.<\/p>\n\n\n\n<p><strong>IL RECINTO DELLE PECORE<\/strong><\/p>\n\n\n\n<p>La grande area recintata dedicata al gregge di pecore amiche di Betty.<\/p>\n\n\n\n<p><strong>IL POLLAIO<\/strong><\/p>\n\n\n\n<p>L\u2019edificio in cui abitano le galline, dove vive anche Doris con i suoi pulcini.<\/p>\n\n\n\n<p><strong>IL MANEGGIO E LE STALLE<\/strong><\/p>\n\n\n\n<p>La grande area recintata per i cavalli, che vivono nelle vicine stalle.<\/p>\n\n\n\n<p><strong>LA STALLA DELLE MUCCHE<\/strong><\/p>\n\n\n\n<p>Qui le mucche mangiano, bevono e dormono. Qui si svolge anche la produzione del latte capeggiata da Molly.<\/p>\n\n\n\n<p><strong>IL GRANAIO E IL MULINO<\/strong><\/p>\n\n\n\n<p>Questa \u00e8 la torre dove vengono stoccati i semi di Grano e Mais dopo la raccolta. In quest\u2019area \u00e8 presente anche un mulino che macina tutto ci\u00f2 che viene versato al suo interno.<\/p>\n\n\n\n<p><strong>LO STAGNO<\/strong><\/p>\n\n\n\n<p>Lo stagno della fattoria \u00e8 un luogo di pace abitato dalle anatre.<\/p>\n\n\n\n<p><strong>L\u2019ULIVETO<\/strong><\/p>\n\n\n\n<p>Il grande campo di ulivi necessario alla produzione annuale dell\u2019olio gestita da Todd e i suoi fidati amici.<\/p>\n\n\n\n<p><strong>IL FRUTTETO<\/strong><\/p>\n\n\n\n<p>Il colorato campo di alberi da frutto della fattoria<\/p>\n","protected":false},"excerpt":{"rendered":"<p>I Veicoli IL PICKUP DI TODD Il pickup di Todd \u00e8 sempre la soluzione ideale per muoversi nella fattoria o per trasportare carichi pesanti. L\u2019AUTO DI SUMMER Lo stile cittadino di Summer si distingue anche alla fattoria\u2026 dove la vediamo spostarsi a bordo della sua piccola auto rosa. IL TRATTORE Il trattore \u00e8 il mezzo [&#8230;]<\/p>\n<p><a class=\"btn btn-secondary understrap-read-more-link\" href=\"https:\/\/www.summerandtodd.com\/it\/allegra-fattoria\/\">Leggi di pi\u00f9&#8230;<span class=\"screen-reader-text\"> from L&#8217;Allegra Fattoria<\/span><\/a><\/p>\n","protected":false},"author":1,"featured_media":0,"parent":0,"menu_order":0,"comment_status":"closed","ping_status":"closed","template":"","meta":{"_acf_changed":false,"footnotes":""},"categories":[],"tags":[],"class_list":["post-157","page","type-page","status-publish","hentry"],"acf":[],"yoast_head":"<!-- This site is optimized with the Yoast SEO plugin v27.3 - https:\/\/yoast.com\/product\/yoast-seo-wordpress\/ -->\n<title>L&#039;Allegra Fattoria - Summer &amp; Todd<\/title>\n<meta name=\"robots\" content=\"index, follow, max-snippet:-1, max-image-preview:large, max-video-preview:-1\" \/>\n<link rel=\"canonical\" href=\"https:\/\/www.summerandtodd.com\/it\/allegra-fattoria\/\" \/>\n<meta property=\"og:locale\" content=\"it_IT\" \/>\n<meta property=\"og:type\" content=\"article\" \/>\n<meta property=\"og:title\" content=\"L&#039;Allegra Fattoria - Summer &amp; Todd\" \/>\n<meta property=\"og:description\" content=\"I Veicoli IL PICKUP DI TODD Il pickup di Todd \u00e8 sempre la soluzione ideale per muoversi nella fattoria o per trasportare carichi pesanti. L\u2019AUTO DI SUMMER Lo stile cittadino di Summer si distingue anche alla fattoria\u2026 dove la vediamo spostarsi a bordo della sua piccola auto rosa. IL TRATTORE Il trattore \u00e8 il mezzo [...]Leggi di pi\u00f9... from L&#8217;Allegra Fattoria\" \/>\n<meta property=\"og:url\" content=\"https:\/\/www.summerandtodd.com\/it\/allegra-fattoria\/\" \/>\n<meta property=\"og:site_name\" content=\"Summer &amp; Todd\" \/>\n<meta property=\"article:modified_time\" content=\"2021-09-30T08:58:23+00:00\" \/>\n<meta name=\"twitter:card\" content=\"summary_large_image\" \/>\n<meta name=\"twitter:label1\" content=\"Tempo di lettura stimato\" \/>\n\t<meta name=\"twitter:data1\" content=\"2 minuti\" \/>\n<script type=\"application\/ld+json\" class=\"yoast-schema-graph\">{\"@context\":\"https:\\\/\\\/schema.org\",\"@graph\":[{\"@type\":\"WebPage\",\"@id\":\"https:\\\/\\\/www.summerandtodd.com\\\/it\\\/allegra-fattoria\\\/\",\"url\":\"https:\\\/\\\/www.summerandtodd.com\\\/it\\\/allegra-fattoria\\\/\",\"name\":\"L'Allegra Fattoria - Summer &amp; Todd\",\"isPartOf\":{\"@id\":\"https:\\\/\\\/www.summerandtodd.com\\\/it\\\/#website\"},\"datePublished\":\"2021-09-30T08:58:22+00:00\",\"dateModified\":\"2021-09-30T08:58:23+00:00\",\"breadcrumb\":{\"@id\":\"https:\\\/\\\/www.summerandtodd.com\\\/it\\\/allegra-fattoria\\\/#breadcrumb\"},\"inLanguage\":\"it-IT\",\"potentialAction\":[{\"@type\":\"ReadAction\",\"target\":[\"https:\\\/\\\/www.summerandtodd.com\\\/it\\\/allegra-fattoria\\\/\"]}]},{\"@type\":\"BreadcrumbList\",\"@id\":\"https:\\\/\\\/www.summerandtodd.com\\\/it\\\/allegra-fattoria\\\/#breadcrumb\",\"itemListElement\":[{\"@type\":\"ListItem\",\"position\":1,\"name\":\"Home\",\"item\":\"https:\\\/\\\/www.summerandtodd.com\\\/it\\\/\"},{\"@type\":\"ListItem\",\"position\":2,\"name\":\"L&#8217;Allegra Fattoria\"}]},{\"@type\":\"WebSite\",\"@id\":\"https:\\\/\\\/www.summerandtodd.com\\\/it\\\/#website\",\"url\":\"https:\\\/\\\/www.summerandtodd.com\\\/it\\\/\",\"name\":\"Summer &amp; Todd\",\"description\":\"Alla Fattoria Raggio di Sole, per ogni problema esiste una soluzione!\",\"publisher\":{\"@id\":\"https:\\\/\\\/www.summerandtodd.com\\\/it\\\/#organization\"},\"potentialAction\":[{\"@type\":\"SearchAction\",\"target\":{\"@type\":\"EntryPoint\",\"urlTemplate\":\"https:\\\/\\\/www.summerandtodd.com\\\/it\\\/?s={search_term_string}\"},\"query-input\":{\"@type\":\"PropertyValueSpecification\",\"valueRequired\":true,\"valueName\":\"search_term_string\"}}],\"inLanguage\":\"it-IT\"},{\"@type\":\"Organization\",\"@id\":\"https:\\\/\\\/www.summerandtodd.com\\\/it\\\/#organization\",\"name\":\"Summer &amp; Todd\",\"url\":\"https:\\\/\\\/www.summerandtodd.com\\\/it\\\/\",\"logo\":{\"@type\":\"ImageObject\",\"inLanguage\":\"it-IT\",\"@id\":\"https:\\\/\\\/www.summerandtodd.com\\\/it\\\/#\\\/schema\\\/logo\\\/image\\\/\",\"url\":\"https:\\\/\\\/www.summerandtodd.com\\\/it\\\/wp-content\\\/uploads\\\/sites\\\/3\\\/2021\\\/11\\\/logo_500x300.png\",\"contentUrl\":\"https:\\\/\\\/www.summerandtodd.com\\\/it\\\/wp-content\\\/uploads\\\/sites\\\/3\\\/2021\\\/11\\\/logo_500x300.png\",\"width\":500,\"height\":300,\"caption\":\"Summer &amp; Todd\"},\"image\":{\"@id\":\"https:\\\/\\\/www.summerandtodd.com\\\/it\\\/#\\\/schema\\\/logo\\\/image\\\/\"}}]}<\/script>\n<!-- \/ Yoast SEO plugin. -->","yoast_head_json":{"title":"L'Allegra Fattoria - Summer &amp; Todd","robots":{"index":"index","follow":"follow","max-snippet":"max-snippet:-1","max-image-preview":"max-image-preview:large","max-video-preview":"max-video-preview:-1"},"canonical":"https:\/\/www.summerandtodd.com\/it\/allegra-fattoria\/","og_locale":"it_IT","og_type":"article","og_title":"L'Allegra Fattoria - Summer &amp; Todd","og_description":"I Veicoli IL PICKUP DI TODD Il pickup di Todd \u00e8 sempre la soluzione ideale per muoversi nella fattoria o per trasportare carichi pesanti. L\u2019AUTO DI SUMMER Lo stile cittadino di Summer si distingue anche alla fattoria\u2026 dove la vediamo spostarsi a bordo della sua piccola auto rosa. IL TRATTORE Il trattore \u00e8 il mezzo [...]Leggi di pi\u00f9... from L&#8217;Allegra Fattoria","og_url":"https:\/\/www.summerandtodd.com\/it\/allegra-fattoria\/","og_site_name":"Summer &amp; Todd","article_modified_time":"2021-09-30T08:58:23+00:00","twitter_card":"summary_large_image","twitter_misc":{"Tempo di lettura stimato":"2 minuti"},"schema":{"@context":"https:\/\/schema.org","@graph":[{"@type":"WebPage","@id":"https:\/\/www.summerandtodd.com\/it\/allegra-fattoria\/","url":"https:\/\/www.summerandtodd.com\/it\/allegra-fattoria\/","name":"L'Allegra Fattoria - Summer &amp; Todd","isPartOf":{"@id":"https:\/\/www.summerandtodd.com\/it\/#website"},"datePublished":"2021-09-30T08:58:22+00:00","dateModified":"2021-09-30T08:58:23+00:00","breadcrumb":{"@id":"https:\/\/www.summerandtodd.com\/it\/allegra-fattoria\/#breadcrumb"},"inLanguage":"it-IT","potentialAction":[{"@type":"ReadAction","target":["https:\/\/www.summerandtodd.com\/it\/allegra-fattoria\/"]}]},{"@type":"BreadcrumbList","@id":"https:\/\/www.summerandtodd.com\/it\/allegra-fattoria\/#breadcrumb","itemListElement":[{"@type":"ListItem","position":1,"name":"Home","item":"https:\/\/www.summerandtodd.com\/it\/"},{"@type":"ListItem","position":2,"name":"L&#8217;Allegra Fattoria"}]},{"@type":"WebSite","@id":"https:\/\/www.summerandtodd.com\/it\/#website","url":"https:\/\/www.summerandtodd.com\/it\/","name":"Summer &amp; Todd","description":"Alla Fattoria Raggio di Sole, per ogni problema esiste una soluzione!","publisher":{"@id":"https:\/\/www.summerandtodd.com\/it\/#organization"},"potentialAction":[{"@type":"SearchAction","target":{"@type":"EntryPoint","urlTemplate":"https:\/\/www.summerandtodd.com\/it\/?s={search_term_string}"},"query-input":{"@type":"PropertyValueSpecification","valueRequired":true,"valueName":"search_term_string"}}],"inLanguage":"it-IT"},{"@type":"Organization","@id":"https:\/\/www.summerandtodd.com\/it\/#organization","name":"Summer &amp; Todd","url":"https:\/\/www.summerandtodd.com\/it\/","logo":{"@type":"ImageObject","inLanguage":"it-IT","@id":"https:\/\/www.summerandtodd.com\/it\/#\/schema\/logo\/image\/","url":"https:\/\/www.summerandtodd.com\/it\/wp-content\/uploads\/sites\/3\/2021\/11\/logo_500x300.png","contentUrl":"https:\/\/www.summerandtodd.com\/it\/wp-content\/uploads\/sites\/3\/2021\/11\/logo_500x300.png","width":500,"height":300,"caption":"Summer &amp; Todd"},"image":{"@id":"https:\/\/www.summerandtodd.com\/it\/#\/schema\/logo\/image\/"}}]}},"_links":{"self":[{"href":"https:\/\/www.summerandtodd.com\/it\/wp-json\/wp\/v2\/pages\/157","targetHints":{"allow":["GET"]}}],"collection":[{"href":"https:\/\/www.summerandtodd.com\/it\/wp-json\/wp\/v2\/pages"}],"about":[{"href":"https:\/\/www.summerandtodd.com\/it\/wp-json\/wp\/v2\/types\/page"}],"author":[{"embeddable":true,"href":"https:\/\/www.summerandtodd.com\/it\/wp-json\/wp\/v2\/users\/1"}],"replies":[{"embeddable":true,"href":"https:\/\/www.summerandtodd.com\/it\/wp-json\/wp\/v2\/comments?post=157"}],"version-history":[{"count":1,"href":"https:\/\/www.summerandtodd.com\/it\/wp-json\/wp\/v2\/pages\/157\/revisions"}],"predecessor-version":[{"id":158,"href":"https:\/\/www.summerandtodd.com\/it\/wp-json\/wp\/v2\/pages\/157\/revisions\/158"}],"wp:attachment":[{"href":"https:\/\/www.summerandtodd.com\/it\/wp-json\/wp\/v2\/media?parent=157"}],"wp:term":[{"taxonomy":"category","embeddable":true,"href":"https:\/\/www.summerandtodd.com\/it\/wp-json\/wp\/v2\/categories?post=157"},{"taxonomy":"post_tag","embeddable":true,"href":"https:\/\/www.summerandtodd.com\/it\/wp-json\/wp\/v2\/tags?post=157"}],"curies":[{"name":"wp","href":"https:\/\/api.w.org\/{rel}","templated":true}]}}